{"id":489,"date":"2025-12-09T21:10:36","date_gmt":"2025-12-09T21:10:36","guid":{"rendered":"https:\/\/amplitudetelecom.com.br\/?page_id=489"},"modified":"2026-01-21T10:36:30","modified_gmt":"2026-01-21T10:36:30","slug":"link-dedicado","status":"publish","type":"page","link":"https:\/\/amplitudetelecom.com.br\/?page_id=489","title":{"rendered":"Link Dedicado"},"content":{"rendered":"\t\t<div data-elementor-type=\"wp-page\" data-elementor-id=\"489\" class=\"elementor elementor-489\" data-elementor-post-type=\"page\">\n\t\t\t\t<div class=\"elementor-element elementor-element-96dce87 e-con-full e-flex e-con e-parent\" data-id=\"96dce87\" data-element_type=\"container\" data-settings=\"{&quot;background_background&quot;:&quot;classic&quot;}\">\n\t\t<div class=\"elementor-element elementor-element-15f731b e-flex e-con-boxed e-con e-child\" data-id=\"15f731b\" data-element_type=\"container\">\n\t\t\t\t\t<div class=\"e-con-inner\">\n\t\t\t\t<div class=\"elementor-element elementor-element-88e8ea5 elementor-widget elementor-widget-text-editor\" data-id=\"88e8ea5\" data-element_type=\"widget\" data-widget_type=\"text-editor.default\">\n\t\t\t\t\t\t\t\t\t<p>SOLU\u00c7\u00d5ES<\/p>\t\t\t\t\t\t\t\t<\/div>\n\t\t\t\t<div class=\"elementor-element elementor-element-44daa1c elementor-widget__width-inherit elementor-invisible elementor-widget elementor-widget-text-editor\" data-id=\"44daa1c\" data-element_type=\"widget\" data-settings=\"{&quot;_animation&quot;:&quot;fadeIn&quot;,&quot;_animation_delay&quot;:400}\" data-widget_type=\"text-editor.default\">\n\t\t\t\t\t\t\t\t\t<p data-start=\"211\" data-end=\"424\">Sua empresa mais eficiente, est\u00e1vel e dispon\u00edvel. Somos especialistas em links dedicados.<\/p>\t\t\t\t\t\t\t\t<\/div>\n\t\t\t\t<div class=\"elementor-element elementor-element-7f44d14 elementor-widget elementor-widget-button\" data-id=\"7f44d14\" data-element_type=\"widget\" data-widget_type=\"button.default\">\n\t\t\t\t\t\t\t\t\t\t<a class=\"elementor-button elementor-button-link elementor-size-sm\" href=\"https:\/\/wa.link\/v6dzz7\">\n\t\t\t\t\t\t<span class=\"elementor-button-content-wrapper\">\n\t\t\t\t\t\t\t\t\t<span class=\"elementor-button-text\">Solicitar Cota\u00e7\u00e3o<\/span>\n\t\t\t\t\t<\/span>\n\t\t\t\t\t<\/a>\n\t\t\t\t\t\t\t\t<\/div>\n\t\t\t\t\t<\/div>\n\t\t\t\t<\/div>\n\t\t\t\t<\/div>\n\t\t<div class=\"elementor-element elementor-element-2c15c9c e-flex e-con-boxed e-con e-parent\" data-id=\"2c15c9c\" data-element_type=\"container\">\n\t\t\t\t\t<div class=\"e-con-inner\">\n\t\t<div class=\"elementor-element elementor-element-8e37963 e-con-full e-flex e-con e-child\" data-id=\"8e37963\" data-element_type=\"container\">\n\t\t\t\t<div class=\"elementor-element elementor-element-a40f0fc elementor-widget__width-inherit elementor-widget-mobile__width-inherit elementor-widget elementor-widget-heading\" data-id=\"a40f0fc\" data-element_type=\"widget\" data-widget_type=\"heading.default\">\n\t\t\t\t\t<h2 class=\"elementor-heading-title elementor-size-default\">Conectividade de alto desempenho com uma das menores lat\u00eancias do mercado, apoiada em infraestrutura resiliente, de alta capacidade e totalmente redundante.<\/h2>\t\t\t\t<\/div>\n\t\t\t\t<div class=\"elementor-element elementor-element-1997ea6 elementor-invisible elementor-widget elementor-widget-text-editor\" data-id=\"1997ea6\" data-element_type=\"widget\" data-settings=\"{&quot;_animation&quot;:&quot;fadeIn&quot;,&quot;_animation_delay&quot;:400}\" data-widget_type=\"text-editor.default\">\n\t\t\t\t\t\t\t\t\t<p data-start=\"211\" data-end=\"476\">O Link Dedicado garante banda exclusiva, velocidade constante e conex\u00e3o sim\u00e9trica para empresas que n\u00e3o podem sofrer interrup\u00e7\u00f5es. Ideal para opera\u00e7\u00f5es cr\u00edticas, aplica\u00e7\u00f5es em nuvem, ERPs, comunica\u00e7\u00e3o corporativa, videoconfer\u00eancia, e qualquer ambiente que dependa de estabilidade absoluta.<\/p>\t\t\t\t\t\t\t\t<\/div>\n\t\t\t\t<div class=\"elementor-element elementor-element-044fcf7 elementor-mobile-align-center elementor-icon-list--layout-traditional elementor-list-item-link-full_width elementor-invisible elementor-widget elementor-widget-icon-list\" data-id=\"044fcf7\" data-element_type=\"widget\" data-settings=\"{&quot;_animation&quot;:&quot;fadeIn&quot;,&quot;_animation_delay&quot;:400}\" data-widget_type=\"icon-list.default\">\n\t\t\t\t\t\t\t<ul class=\"elementor-icon-list-items\">\n\t\t\t\t\t\t\t<li class=\"elementor-icon-list-item\">\n\t\t\t\t\t\t\t\t\t\t\t<span class=\"elementor-icon-list-icon\">\n\t\t\t\t\t\t\t<i aria-hidden=\"true\" class=\"icon icon-checked\"><\/i>\t\t\t\t\t\t<\/span>\n\t\t\t\t\t\t\t\t\t\t<span class=\"elementor-icon-list-text\">Banda 100% garantida<\/span>\n\t\t\t\t\t\t\t\t\t<\/li>\n\t\t\t\t\t\t\t\t<li class=\"elementor-icon-list-item\">\n\t\t\t\t\t\t\t\t\t\t\t<span class=\"elementor-icon-list-icon\">\n\t\t\t\t\t\t\t<i aria-hidden=\"true\" class=\"icon icon-checked\"><\/i>\t\t\t\t\t\t<\/span>\n\t\t\t\t\t\t\t\t\t\t<span class=\"elementor-icon-list-text\">Baixa lat\u00eancia e alta disponibilidade<\/span>\n\t\t\t\t\t\t\t\t\t<\/li>\n\t\t\t\t\t\t\t\t<li class=\"elementor-icon-list-item\">\n\t\t\t\t\t\t\t\t\t\t\t<span class=\"elementor-icon-list-icon\">\n\t\t\t\t\t\t\t<i aria-hidden=\"true\" class=\"icon icon-checked\"><\/i>\t\t\t\t\t\t<\/span>\n\t\t\t\t\t\t\t\t\t\t<span class=\"elementor-icon-list-text\">Infraestrutura resiliente<\/span>\n\t\t\t\t\t\t\t\t\t<\/li>\n\t\t\t\t\t\t\t\t<li class=\"elementor-icon-list-item\">\n\t\t\t\t\t\t\t\t\t\t\t<span class=\"elementor-icon-list-icon\">\n\t\t\t\t\t\t\t<i aria-hidden=\"true\" class=\"icon icon-checked\"><\/i>\t\t\t\t\t\t<\/span>\n\t\t\t\t\t\t\t\t\t\t<span class=\"elementor-icon-list-text\">Suporte especializado 24\/7<\/span>\n\t\t\t\t\t\t\t\t\t<\/li>\n\t\t\t\t\t\t\t\t<li class=\"elementor-icon-list-item\">\n\t\t\t\t\t\t\t\t\t\t\t<span class=\"elementor-icon-list-icon\">\n\t\t\t\t\t\t\t<i aria-hidden=\"true\" class=\"icon icon-checked\"><\/i>\t\t\t\t\t\t<\/span>\n\t\t\t\t\t\t\t\t\t\t<span class=\"elementor-icon-list-text\">Conex\u00e3o sim\u00e9trica<\/span>\n\t\t\t\t\t\t\t\t\t<\/li>\n\t\t\t\t\t\t<\/ul>\n\t\t\t\t\t\t<\/div>\n\t\t\t\t<div class=\"elementor-element elementor-element-71cbfed elementor-widget-divider--view-line elementor-invisible elementor-widget elementor-widget-divider\" data-id=\"71cbfed\" data-element_type=\"widget\" data-settings=\"{&quot;_animation&quot;:&quot;fadeIn&quot;,&quot;_animation_delay&quot;:400}\" data-widget_type=\"divider.default\">\n\t\t\t\t\t\t\t<div class=\"elementor-divider\">\n\t\t\t<span class=\"elementor-divider-separator\">\n\t\t\t\t\t\t<\/span>\n\t\t<\/div>\n\t\t\t\t\t\t<\/div>\n\t\t\t\t<\/div>\n\t\t<div class=\"elementor-element elementor-element-58e450c e-con-full e-flex elementor-invisible e-con e-child\" data-id=\"58e450c\" data-element_type=\"container\" data-settings=\"{&quot;background_background&quot;:&quot;classic&quot;,&quot;animation&quot;:&quot;fadeIn&quot;}\">\n\t\t\t\t<div class=\"elementor-element elementor-element-c9ad4f7 elementor-invisible elementor-widget elementor-widget-image\" data-id=\"c9ad4f7\" data-element_type=\"widget\" data-settings=\"{&quot;_animation&quot;:&quot;fadeIn&quot;,&quot;_animation_delay&quot;:200}\" data-widget_type=\"image.default\">\n\t\t\t\t\t\t\t\t\t\t\t\t\t\t\t<img fetchpriority=\"high\" decoding=\"async\" width=\"800\" height=\"534\" src=\"https:\/\/amplitudetelecom.com.br\/wp-content\/uploads\/2025\/12\/cabos-de-fibra-optica-conectados-ao-data-center-1024x683.jpg\" class=\"attachment-large size-large wp-image-862\" alt=\"\" srcset=\"https:\/\/amplitudetelecom.com.br\/wp-content\/uploads\/2025\/12\/cabos-de-fibra-optica-conectados-ao-data-center-1024x683.jpg 1024w, https:\/\/amplitudetelecom.com.br\/wp-content\/uploads\/2025\/12\/cabos-de-fibra-optica-conectados-ao-data-center-300x200.jpg 300w, https:\/\/amplitudetelecom.com.br\/wp-content\/uploads\/2025\/12\/cabos-de-fibra-optica-conectados-ao-data-center-768x512.jpg 768w, https:\/\/amplitudetelecom.com.br\/wp-content\/uploads\/2025\/12\/cabos-de-fibra-optica-conectados-ao-data-center-1536x1024.jpg 1536w, https:\/\/amplitudetelecom.com.br\/wp-content\/uploads\/2025\/12\/cabos-de-fibra-optica-conectados-ao-data-center-2048x1365.jpg 2048w\" sizes=\"(max-width: 800px) 100vw, 800px\" \/>\t\t\t\t\t\t\t\t\t\t\t\t\t\t\t<\/div>\n\t\t\t\t<\/div>\n\t\t\t\t\t<\/div>\n\t\t\t\t<\/div>\n\t\t<div class=\"elementor-element elementor-element-29f10e4 e-flex e-con-boxed e-con e-parent\" data-id=\"29f10e4\" data-element_type=\"container\">\n\t\t\t\t\t<div class=\"e-con-inner\">\n\t\t\t\t<div class=\"elementor-element elementor-element-7531a0a elementor-invisible elementor-widget elementor-widget-heading\" data-id=\"7531a0a\" data-element_type=\"widget\" data-settings=\"{&quot;_animation&quot;:&quot;fadeIn&quot;,&quot;_animation_delay&quot;:200}\" data-widget_type=\"heading.default\">\n\t\t\t\t\t<h2 class=\"elementor-heading-title elementor-size-default\">Rede Global Otimizada para M\u00e1xima Efici\u00eancia<\/h2>\t\t\t\t<\/div>\n\t\t<div class=\"elementor-element elementor-element-bf9737c e-grid e-con-full e-con e-child\" data-id=\"bf9737c\" data-element_type=\"container\">\n\t\t<div class=\"elementor-element elementor-element-4492c6c e-con-full e-flex e-con e-child\" data-id=\"4492c6c\" data-element_type=\"container\">\n\t\t\t\t<div class=\"elementor-element elementor-element-beb3d37 elementor-view-default elementor-widget elementor-widget-icon\" data-id=\"beb3d37\" data-element_type=\"widget\" data-widget_type=\"icon.default\">\n\t\t\t\t\t\t\t<div class=\"elementor-icon-wrapper\">\n\t\t\t<div class=\"elementor-icon\">\n\t\t\t<i aria-hidden=\"true\" class=\"icon icon-globe\"><\/i>\t\t\t<\/div>\n\t\t<\/div>\n\t\t\t\t\t\t<\/div>\n\t\t\t\t<div class=\"elementor-element elementor-element-52e2df5 elementor-widget elementor-widget-image-box\" data-id=\"52e2df5\" data-element_type=\"widget\" data-widget_type=\"image-box.default\">\n\t\t\t\t\t<div class=\"elementor-image-box-wrapper\"><div class=\"elementor-image-box-content\"><h3 class=\"elementor-image-box-title\">Presen\u00e7a Global<\/h3><p class=\"elementor-image-box-description\">Pontos de troca e data centers em locais-chave no Brasil e no exterior para garantir alcance e desempenho internacional.<\/p><\/div><\/div>\t\t\t\t<\/div>\n\t\t\t\t<\/div>\n\t\t<div class=\"elementor-element elementor-element-7c6d9c0 e-con-full e-flex e-con e-child\" data-id=\"7c6d9c0\" data-element_type=\"container\">\n\t\t\t\t<div class=\"elementor-element elementor-element-f466274 elementor-view-default elementor-widget elementor-widget-icon\" data-id=\"f466274\" data-element_type=\"widget\" data-widget_type=\"icon.default\">\n\t\t\t\t\t\t\t<div class=\"elementor-icon-wrapper\">\n\t\t\t<div class=\"elementor-icon\">\n\t\t\t<svg aria-hidden=\"true\" class=\"e-font-icon-svg e-fas-route\" viewBox=\"0 0 512 512\" xmlns=\"http:\/\/www.w3.org\/2000\/svg\"><path d=\"M416 320h-96c-17.6 0-32-14.4-32-32s14.4-32 32-32h96s96-107 96-160-43-96-96-96-96 43-96 96c0 25.5 22.2 63.4 45.3 96H320c-52.9 0-96 43.1-96 96s43.1 96 96 96h96c17.6 0 32 14.4 32 32s-14.4 32-32 32H185.5c-16 24.8-33.8 47.7-47.3 64H416c52.9 0 96-43.1 96-96s-43.1-96-96-96zm0-256c17.7 0 32 14.3 32 32s-14.3 32-32 32-32-14.3-32-32 14.3-32 32-32zM96 256c-53 0-96 43-96 96s96 160 96 160 96-107 96-160-43-96-96-96zm0 128c-17.7 0-32-14.3-32-32s14.3-32 32-32 32 14.3 32 32-14.3 32-32 32z\"><\/path><\/svg>\t\t\t<\/div>\n\t\t<\/div>\n\t\t\t\t\t\t<\/div>\n\t\t\t\t<div class=\"elementor-element elementor-element-a8d4284 elementor-widget elementor-widget-image-box\" data-id=\"a8d4284\" data-element_type=\"widget\" data-widget_type=\"image-box.default\">\n\t\t\t\t\t<div class=\"elementor-image-box-wrapper\"><div class=\"elementor-image-box-content\"><h3 class=\"elementor-image-box-title\">Rotas Otimizadas<\/h3><p class=\"elementor-image-box-description\">Infraestrutura planejada para reduzir atrasos e assegurar m\u00e1xima efici\u00eancia no tr\u00e1fego global.<\/p><\/div><\/div>\t\t\t\t<\/div>\n\t\t\t\t<\/div>\n\t\t<div class=\"elementor-element elementor-element-d18bd31 e-con-full e-flex e-con e-child\" data-id=\"d18bd31\" data-element_type=\"container\">\n\t\t\t\t<div class=\"elementor-element elementor-element-8ec9b05 elementor-view-default elementor-widget elementor-widget-icon\" data-id=\"8ec9b05\" data-element_type=\"widget\" data-widget_type=\"icon.default\">\n\t\t\t\t\t\t\t<div class=\"elementor-icon-wrapper\">\n\t\t\t<div class=\"elementor-icon\">\n\t\t\t<svg aria-hidden=\"true\" class=\"e-font-icon-svg e-fas-network-wired\" viewBox=\"0 0 640 512\" xmlns=\"http:\/\/www.w3.org\/2000\/svg\"><path d=\"M640 264v-16c0-8.84-7.16-16-16-16H344v-40h72c17.67 0 32-14.33 32-32V32c0-17.67-14.33-32-32-32H224c-17.67 0-32 14.33-32 32v128c0 17.67 14.33 32 32 32h72v40H16c-8.84 0-16 7.16-16 16v16c0 8.84 7.16 16 16 16h104v40H64c-17.67 0-32 14.33-32 32v128c0 17.67 14.33 32 32 32h160c17.67 0 32-14.33 32-32V352c0-17.67-14.33-32-32-32h-56v-40h304v40h-56c-17.67 0-32 14.33-32 32v128c0 17.67 14.33 32 32 32h160c17.67 0 32-14.33 32-32V352c0-17.67-14.33-32-32-32h-56v-40h104c8.84 0 16-7.16 16-16zM256 128V64h128v64H256zm-64 320H96v-64h96v64zm352 0h-96v-64h96v64z\"><\/path><\/svg>\t\t\t<\/div>\n\t\t<\/div>\n\t\t\t\t\t\t<\/div>\n\t\t\t\t<div class=\"elementor-element elementor-element-f16f655 elementor-widget elementor-widget-image-box\" data-id=\"f16f655\" data-element_type=\"widget\" data-widget_type=\"image-box.default\">\n\t\t\t\t\t<div class=\"elementor-image-box-wrapper\"><div class=\"elementor-image-box-content\"><h3 class=\"elementor-image-box-title\">Conex\u00f5es Privadas<\/h3><p class=\"elementor-image-box-description\">Conex\u00f5es diretas com Google, Equinix, Microsoft e AWS para maior estabilidade e qualidade.<\/p><\/div><\/div>\t\t\t\t<\/div>\n\t\t\t\t<\/div>\n\t\t<div class=\"elementor-element elementor-element-48d6d7d e-con-full e-flex e-con e-child\" data-id=\"48d6d7d\" data-element_type=\"container\">\n\t\t\t\t<div class=\"elementor-element elementor-element-ea1fb69 elementor-view-default elementor-widget elementor-widget-icon\" data-id=\"ea1fb69\" data-element_type=\"widget\" data-widget_type=\"icon.default\">\n\t\t\t\t\t\t\t<div class=\"elementor-icon-wrapper\">\n\t\t\t<div class=\"elementor-icon\">\n\t\t\t<i aria-hidden=\"true\" class=\"icon icon-chart2\"><\/i>\t\t\t<\/div>\n\t\t<\/div>\n\t\t\t\t\t\t<\/div>\n\t\t\t\t<div class=\"elementor-element elementor-element-848edc4 elementor-widget elementor-widget-image-box\" data-id=\"848edc4\" data-element_type=\"widget\" data-widget_type=\"image-box.default\">\n\t\t\t\t\t<div class=\"elementor-image-box-wrapper\"><div class=\"elementor-image-box-content\"><h3 class=\"elementor-image-box-title\">Alta Performance<\/h3><p class=\"elementor-image-box-description\">Engenharia de rede voltada \u00e0 performance cont\u00ednua, com estabilidade superior em aplica\u00e7\u00f5es cr\u00edticas.<\/p><\/div><\/div>\t\t\t\t<\/div>\n\t\t\t\t<\/div>\n\t\t<div class=\"elementor-element elementor-element-c06a1e2 e-con-full e-flex e-con e-child\" data-id=\"c06a1e2\" data-element_type=\"container\">\n\t\t\t\t<div class=\"elementor-element elementor-element-5606ea8 elementor-view-default elementor-widget elementor-widget-icon\" data-id=\"5606ea8\" data-element_type=\"widget\" data-widget_type=\"icon.default\">\n\t\t\t\t\t\t\t<div class=\"elementor-icon-wrapper\">\n\t\t\t<div class=\"elementor-icon\">\n\t\t\t<i aria-hidden=\"true\" class=\"icon icon-database1\"><\/i>\t\t\t<\/div>\n\t\t<\/div>\n\t\t\t\t\t\t<\/div>\n\t\t\t\t<div class=\"elementor-element elementor-element-2585c16 elementor-widget elementor-widget-image-box\" data-id=\"2585c16\" data-element_type=\"widget\" data-widget_type=\"image-box.default\">\n\t\t\t\t\t<div class=\"elementor-image-box-wrapper\"><div class=\"elementor-image-box-content\"><h3 class=\"elementor-image-box-title\">Infraestrutura Resiliente<\/h3><p class=\"elementor-image-box-description\">Arquitetura distribu\u00edda e resiliente para garantir disponibilidade mesmo em ambientes complexos.<\/p><\/div><\/div>\t\t\t\t<\/div>\n\t\t\t\t<\/div>\n\t\t\t\t<\/div>\n\t\t\t\t\t<\/div>\n\t\t\t\t<\/div>\n\t\t<div class=\"elementor-element elementor-element-dba4b80 e-flex e-con-boxed e-con e-parent\" data-id=\"dba4b80\" data-element_type=\"container\">\n\t\t\t\t\t<div class=\"e-con-inner\">\n\t\t<div class=\"elementor-element elementor-element-d7934f1 e-con-full e-flex e-con e-child\" data-id=\"d7934f1\" data-element_type=\"container\" data-settings=\"{&quot;background_background&quot;:&quot;classic&quot;}\">\n\t\t\t\t<div class=\"elementor-element elementor-element-931f504 elementor-widget-divider--view-line_text elementor-widget-divider--element-align-center elementor-widget elementor-widget-divider\" data-id=\"931f504\" data-element_type=\"widget\" data-widget_type=\"divider.default\">\n\t\t\t\t\t\t\t<div class=\"elementor-divider\">\n\t\t\t<span class=\"elementor-divider-separator\">\n\t\t\t\t\t\t\t<span class=\"elementor-divider__text elementor-divider__element\">\n\t\t\t\tInterconex\u00e3o com redes privadas (PNI):\t\t\t\t<\/span>\n\t\t\t\t\t\t<\/span>\n\t\t<\/div>\n\t\t\t\t\t\t<\/div>\n\t\t<div class=\"elementor-element elementor-element-274b9cf e-grid e-con-full e-con e-child\" data-id=\"274b9cf\" data-element_type=\"container\">\n\t\t\t\t<div class=\"elementor-element elementor-element-24951b0 elementor-widget elementor-widget-image\" data-id=\"24951b0\" data-element_type=\"widget\" data-widget_type=\"image.default\">\n\t\t\t\t\t\t\t\t\t\t\t\t\t\t\t<img decoding=\"async\" width=\"586\" height=\"162\" src=\"https:\/\/amplitudetelecom.com.br\/wp-content\/uploads\/2025\/12\/4-2.png\" class=\"attachment-large size-large wp-image-635\" alt=\"\" srcset=\"https:\/\/amplitudetelecom.com.br\/wp-content\/uploads\/2025\/12\/4-2.png 586w, https:\/\/amplitudetelecom.com.br\/wp-content\/uploads\/2025\/12\/4-2-300x83.png 300w\" sizes=\"(max-width: 586px) 100vw, 586px\" \/>\t\t\t\t\t\t\t\t\t\t\t\t\t\t\t<\/div>\n\t\t\t\t<div class=\"elementor-element elementor-element-25ec22b elementor-widget elementor-widget-image\" data-id=\"25ec22b\" data-element_type=\"widget\" data-widget_type=\"image.default\">\n\t\t\t\t\t\t\t\t\t\t\t\t\t\t\t<img decoding=\"async\" width=\"586\" height=\"162\" src=\"https:\/\/amplitudetelecom.com.br\/wp-content\/uploads\/2025\/12\/3-2.png\" class=\"attachment-large size-large wp-image-634\" alt=\"\" srcset=\"https:\/\/amplitudetelecom.com.br\/wp-content\/uploads\/2025\/12\/3-2.png 586w, https:\/\/amplitudetelecom.com.br\/wp-content\/uploads\/2025\/12\/3-2-300x83.png 300w\" sizes=\"(max-width: 586px) 100vw, 586px\" \/>\t\t\t\t\t\t\t\t\t\t\t\t\t\t\t<\/div>\n\t\t\t\t<div class=\"elementor-element elementor-element-ccce6c1 elementor-widget elementor-widget-image\" data-id=\"ccce6c1\" data-element_type=\"widget\" data-widget_type=\"image.default\">\n\t\t\t\t\t\t\t\t\t\t\t\t\t\t\t<img loading=\"lazy\" decoding=\"async\" width=\"586\" height=\"162\" src=\"https:\/\/amplitudetelecom.com.br\/wp-content\/uploads\/2025\/12\/2-2.png\" class=\"attachment-large size-large wp-image-633\" alt=\"\" srcset=\"https:\/\/amplitudetelecom.com.br\/wp-content\/uploads\/2025\/12\/2-2.png 586w, https:\/\/amplitudetelecom.com.br\/wp-content\/uploads\/2025\/12\/2-2-300x83.png 300w\" sizes=\"(max-width: 586px) 100vw, 586px\" \/>\t\t\t\t\t\t\t\t\t\t\t\t\t\t\t<\/div>\n\t\t\t\t<div class=\"elementor-element elementor-element-89e3d2a elementor-widget elementor-widget-image\" data-id=\"89e3d2a\" data-element_type=\"widget\" data-widget_type=\"image.default\">\n\t\t\t\t\t\t\t\t\t\t\t\t\t\t\t<img loading=\"lazy\" decoding=\"async\" width=\"586\" height=\"162\" src=\"https:\/\/amplitudetelecom.com.br\/wp-content\/uploads\/2025\/12\/1-2.png\" class=\"attachment-large size-large wp-image-632\" alt=\"\" srcset=\"https:\/\/amplitudetelecom.com.br\/wp-content\/uploads\/2025\/12\/1-2.png 586w, https:\/\/amplitudetelecom.com.br\/wp-content\/uploads\/2025\/12\/1-2-300x83.png 300w\" sizes=\"(max-width: 586px) 100vw, 586px\" \/>\t\t\t\t\t\t\t\t\t\t\t\t\t\t\t<\/div>\n\t\t\t\t<\/div>\n\t\t\t\t<\/div>\n\t\t\t\t\t<\/div>\n\t\t\t\t<\/div>\n\t\t<div class=\"elementor-element elementor-element-663a47b e-flex e-con-boxed e-con e-parent\" data-id=\"663a47b\" data-element_type=\"container\">\n\t\t\t\t\t<div class=\"e-con-inner\">\n\t\t<div class=\"elementor-element elementor-element-2146ca4 e-con-full e-flex elementor-invisible e-con e-child\" data-id=\"2146ca4\" data-element_type=\"container\" data-settings=\"{&quot;background_background&quot;:&quot;classic&quot;,&quot;animation&quot;:&quot;fadeIn&quot;,&quot;background_motion_fx_motion_fx_scrolling&quot;:&quot;yes&quot;,&quot;background_motion_fx_translateY_effect&quot;:&quot;yes&quot;,&quot;background_motion_fx_translateY_speed&quot;:{&quot;unit&quot;:&quot;px&quot;,&quot;size&quot;:4,&quot;sizes&quot;:[]},&quot;background_motion_fx_translateY_affectedRange&quot;:{&quot;unit&quot;:&quot;%&quot;,&quot;size&quot;:&quot;&quot;,&quot;sizes&quot;:{&quot;start&quot;:0,&quot;end&quot;:100}},&quot;background_motion_fx_devices&quot;:[&quot;desktop&quot;,&quot;tablet&quot;,&quot;mobile&quot;]}\">\n\t\t\t\t<div class=\"elementor-element elementor-element-9d6cbd5 elementor-widget__width-initial elementor-widget-mobile__width-inherit elementor-widget elementor-widget-heading\" data-id=\"9d6cbd5\" data-element_type=\"widget\" data-widget_type=\"heading.default\">\n\t\t\t\t\t<h2 class=\"elementor-heading-title elementor-size-default\">Tenha o m\u00e1ximo de performance e disponibilidade.<\/h2>\t\t\t\t<\/div>\n\t\t\t\t<div class=\"elementor-element elementor-element-019da17 elementor-widget__width-initial elementor-widget-mobile__width-inherit elementor-widget elementor-widget-text-editor\" data-id=\"019da17\" data-element_type=\"widget\" data-widget_type=\"text-editor.default\">\n\t\t\t\t\t\t\t\t\tRealize uma avalia\u00e7\u00e3o r\u00e1pida e receba uma recomenda\u00e7\u00e3o personalizada entre Lan to Lan, Link Dedicado, Fibra Apagada, Link ISP e Colocation \u2014 tudo baseado no perfil e necessidades da sua opera\u00e7\u00e3o.\t\t\t\t\t\t\t\t<\/div>\n\t\t<div class=\"elementor-element elementor-element-987a7c0 e-con-full e-flex e-con e-child\" data-id=\"987a7c0\" data-element_type=\"container\">\n\t\t\t\t<div class=\"elementor-element elementor-element-7a5191c elementor-align-justify elementor-widget elementor-widget-button\" data-id=\"7a5191c\" data-element_type=\"widget\" data-widget_type=\"button.default\">\n\t\t\t\t\t\t\t\t\t\t<a class=\"elementor-button elementor-button-link elementor-size-sm\" href=\"https:\/\/wa.link\/v6dzz7\">\n\t\t\t\t\t\t<span class=\"elementor-button-content-wrapper\">\n\t\t\t\t\t\t\t\t\t<span class=\"elementor-button-text\">Falar com um especialista<\/span>\n\t\t\t\t\t<\/span>\n\t\t\t\t\t<\/a>\n\t\t\t\t\t\t\t\t<\/div>\n\t\t\t\t<\/div>\n\t\t\t\t<\/div>\n\t\t\t\t\t<\/div>\n\t\t\t\t<\/div>\n\t\t\t\t<\/div>\n\t\t","protected":false},"excerpt":{"rendered":"<p>SOLU\u00c7\u00d5ES Sua empresa mais eficiente, est\u00e1vel e dispon\u00edvel. Somos especialistas em links dedicados. Solicitar Cota\u00e7\u00e3o Conectividade de alto desempenho com uma das menores lat\u00eancias do mercado, apoiada em infraestrutura resiliente, de alta capacidade e totalmente redundante. O Link Dedicado garante banda exclusiva, velocidade constante e conex\u00e3o sim\u00e9trica para empresas que n\u00e3o podem sofrer interrup\u00e7\u00f5es. Ideal [&hellip;]<\/p>\n","protected":false},"author":1,"featured_media":0,"parent":0,"menu_order":0,"comment_status":"closed","ping_status":"closed","template":"elementor_header_footer","meta":{"footnotes":""},"class_list":["post-489","page","type-page","status-publish","hentry"],"_links":{"self":[{"href":"https:\/\/amplitudetelecom.com.br\/index.php?rest_route=\/wp\/v2\/pages\/489","targetHints":{"allow":["GET"]}}],"collection":[{"href":"https:\/\/amplitudetelecom.com.br\/index.php?rest_route=\/wp\/v2\/pages"}],"about":[{"href":"https:\/\/amplitudetelecom.com.br\/index.php?rest_route=\/wp\/v2\/types\/page"}],"author":[{"embeddable":true,"href":"https:\/\/amplitudetelecom.com.br\/index.php?rest_route=\/wp\/v2\/users\/1"}],"replies":[{"embeddable":true,"href":"https:\/\/amplitudetelecom.com.br\/index.php?rest_route=%2Fwp%2Fv2%2Fcomments&post=489"}],"version-history":[{"count":37,"href":"https:\/\/amplitudetelecom.com.br\/index.php?rest_route=\/wp\/v2\/pages\/489\/revisions"}],"predecessor-version":[{"id":988,"href":"https:\/\/amplitudetelecom.com.br\/index.php?rest_route=\/wp\/v2\/pages\/489\/revisions\/988"}],"wp:attachment":[{"href":"https:\/\/amplitudetelecom.com.br\/index.php?rest_route=%2Fwp%2Fv2%2Fmedia&parent=489"}],"curies":[{"name":"wp","href":"https:\/\/api.w.org\/{rel}","templated":true}]}}