{"id":513,"date":"2025-12-09T21:39:12","date_gmt":"2025-12-09T21:39:12","guid":{"rendered":"https:\/\/amplitudetelecom.com.br\/?page_id=513"},"modified":"2026-01-21T10:38:16","modified_gmt":"2026-01-21T10:38:16","slug":"link-isp","status":"publish","type":"page","link":"https:\/\/amplitudetelecom.com.br\/?page_id=513","title":{"rendered":"Link ISP"},"content":{"rendered":"\t\t<div data-elementor-type=\"wp-page\" data-elementor-id=\"513\" class=\"elementor elementor-513\" data-elementor-post-type=\"page\">\n\t\t\t\t<div class=\"elementor-element elementor-element-96dce87 e-con-full e-flex e-con e-parent\" data-id=\"96dce87\" data-element_type=\"container\" data-settings=\"{&quot;background_background&quot;:&quot;classic&quot;}\">\n\t\t<div class=\"elementor-element elementor-element-15f731b e-flex e-con-boxed e-con e-child\" data-id=\"15f731b\" data-element_type=\"container\">\n\t\t\t\t\t<div class=\"e-con-inner\">\n\t\t\t\t<div class=\"elementor-element elementor-element-88e8ea5 elementor-widget elementor-widget-text-editor\" data-id=\"88e8ea5\" data-element_type=\"widget\" data-widget_type=\"text-editor.default\">\n\t\t\t\t\t\t\t\t\t<p>SOLU\u00c7\u00d5ES<\/p>\t\t\t\t\t\t\t\t<\/div>\n\t\t\t\t<div class=\"elementor-element elementor-element-44daa1c elementor-widget__width-inherit elementor-invisible elementor-widget elementor-widget-text-editor\" data-id=\"44daa1c\" data-element_type=\"widget\" data-settings=\"{&quot;_animation&quot;:&quot;fadeIn&quot;,&quot;_animation_delay&quot;:400}\" data-widget_type=\"text-editor.default\">\n\t\t\t\t\t\t\t\t\t<p data-start=\"211\" data-end=\"424\">Conecte seu provedor \u00e0s melhores rotas do mercado.<\/p>\t\t\t\t\t\t\t\t<\/div>\n\t\t\t\t<div class=\"elementor-element elementor-element-7f44d14 elementor-widget elementor-widget-button\" data-id=\"7f44d14\" data-element_type=\"widget\" data-widget_type=\"button.default\">\n\t\t\t\t\t\t\t\t\t\t<a class=\"elementor-button elementor-button-link elementor-size-sm\" href=\"https:\/\/wa.link\/v6dzz7\">\n\t\t\t\t\t\t<span class=\"elementor-button-content-wrapper\">\n\t\t\t\t\t\t\t\t\t<span class=\"elementor-button-text\">Solicitar Cota\u00e7\u00e3o<\/span>\n\t\t\t\t\t<\/span>\n\t\t\t\t\t<\/a>\n\t\t\t\t\t\t\t\t<\/div>\n\t\t\t\t\t<\/div>\n\t\t\t\t<\/div>\n\t\t\t\t<\/div>\n\t\t<div class=\"elementor-element elementor-element-2c15c9c e-flex e-con-boxed e-con e-parent\" data-id=\"2c15c9c\" data-element_type=\"container\">\n\t\t\t\t\t<div class=\"e-con-inner\">\n\t\t<div class=\"elementor-element elementor-element-8e37963 e-con-full e-flex e-con e-child\" data-id=\"8e37963\" data-element_type=\"container\">\n\t\t\t\t<div class=\"elementor-element elementor-element-a40f0fc elementor-widget__width-inherit elementor-widget-mobile__width-inherit elementor-widget elementor-widget-heading\" data-id=\"a40f0fc\" data-element_type=\"widget\" data-widget_type=\"heading.default\">\n\t\t\t\t\t<h2 class=\"elementor-heading-title elementor-size-default\">A solu\u00e7\u00e3o ideal para ISPs que precisam ampliar capacidade com seguran\u00e7a, qualidade e acesso \u00e0s principais CDNs globais.<\/h2>\t\t\t\t<\/div>\n\t\t\t\t<div class=\"elementor-element elementor-element-1997ea6 elementor-invisible elementor-widget elementor-widget-text-editor\" data-id=\"1997ea6\" data-element_type=\"widget\" data-settings=\"{&quot;_animation&quot;:&quot;fadeIn&quot;,&quot;_animation_delay&quot;:400}\" data-widget_type=\"text-editor.default\">\n\t\t\t\t\t\t\t\t\t<p data-start=\"211\" data-end=\"476\">O Link ISP oferece conectividade de alto desempenho para provedores de internet que buscam rotas otimizadas, baixa lat\u00eancia, alta capacidade e acesso aprimorado ao conte\u00fado mais consumido do Brasil.<\/p>\t\t\t\t\t\t\t\t<\/div>\n\t\t\t\t<div class=\"elementor-element elementor-element-044fcf7 elementor-mobile-align-center elementor-icon-list--layout-traditional elementor-list-item-link-full_width elementor-invisible elementor-widget elementor-widget-icon-list\" data-id=\"044fcf7\" data-element_type=\"widget\" data-settings=\"{&quot;_animation&quot;:&quot;fadeIn&quot;,&quot;_animation_delay&quot;:400}\" data-widget_type=\"icon-list.default\">\n\t\t\t\t\t\t\t<ul class=\"elementor-icon-list-items\">\n\t\t\t\t\t\t\t<li class=\"elementor-icon-list-item\">\n\t\t\t\t\t\t\t\t\t\t\t<span class=\"elementor-icon-list-icon\">\n\t\t\t\t\t\t\t<i aria-hidden=\"true\" class=\"icon icon-checked\"><\/i>\t\t\t\t\t\t<\/span>\n\t\t\t\t\t\t\t\t\t\t<span class=\"elementor-icon-list-text\">Backbone multicarrier<\/span>\n\t\t\t\t\t\t\t\t\t<\/li>\n\t\t\t\t\t\t\t\t<li class=\"elementor-icon-list-item\">\n\t\t\t\t\t\t\t\t\t\t\t<span class=\"elementor-icon-list-icon\">\n\t\t\t\t\t\t\t<i aria-hidden=\"true\" class=\"icon icon-checked\"><\/i>\t\t\t\t\t\t<\/span>\n\t\t\t\t\t\t\t\t\t\t<span class=\"elementor-icon-list-text\">Rotas inteligentes<\/span>\n\t\t\t\t\t\t\t\t\t<\/li>\n\t\t\t\t\t\t\t\t<li class=\"elementor-icon-list-item\">\n\t\t\t\t\t\t\t\t\t\t\t<span class=\"elementor-icon-list-icon\">\n\t\t\t\t\t\t\t<i aria-hidden=\"true\" class=\"icon icon-checked\"><\/i>\t\t\t\t\t\t<\/span>\n\t\t\t\t\t\t\t\t\t\t<span class=\"elementor-icon-list-text\">Acesso otimizado \u00e0s CDNs<\/span>\n\t\t\t\t\t\t\t\t\t<\/li>\n\t\t\t\t\t\t\t\t<li class=\"elementor-icon-list-item\">\n\t\t\t\t\t\t\t\t\t\t\t<span class=\"elementor-icon-list-icon\">\n\t\t\t\t\t\t\t<i aria-hidden=\"true\" class=\"icon icon-checked\"><\/i>\t\t\t\t\t\t<\/span>\n\t\t\t\t\t\t\t\t\t\t<span class=\"elementor-icon-list-text\">Tr\u00e1fego est\u00e1vel e previs\u00edvel<\/span>\n\t\t\t\t\t\t\t\t\t<\/li>\n\t\t\t\t\t\t\t\t<li class=\"elementor-icon-list-item\">\n\t\t\t\t\t\t\t\t\t\t\t<span class=\"elementor-icon-list-icon\">\n\t\t\t\t\t\t\t<i aria-hidden=\"true\" class=\"icon icon-checked\"><\/i>\t\t\t\t\t\t<\/span>\n\t\t\t\t\t\t\t\t\t\t<span class=\"elementor-icon-list-text\">Crescimento escal\u00e1vel<\/span>\n\t\t\t\t\t\t\t\t\t<\/li>\n\t\t\t\t\t\t<\/ul>\n\t\t\t\t\t\t<\/div>\n\t\t\t\t<div class=\"elementor-element elementor-element-71cbfed elementor-widget-divider--view-line elementor-invisible elementor-widget elementor-widget-divider\" data-id=\"71cbfed\" data-element_type=\"widget\" data-settings=\"{&quot;_animation&quot;:&quot;fadeIn&quot;,&quot;_animation_delay&quot;:400}\" data-widget_type=\"divider.default\">\n\t\t\t\t\t\t\t<div class=\"elementor-divider\">\n\t\t\t<span class=\"elementor-divider-separator\">\n\t\t\t\t\t\t<\/span>\n\t\t<\/div>\n\t\t\t\t\t\t<\/div>\n\t\t\t\t<\/div>\n\t\t<div class=\"elementor-element elementor-element-58e450c e-con-full e-flex elementor-invisible e-con e-child\" data-id=\"58e450c\" data-element_type=\"container\" data-settings=\"{&quot;background_background&quot;:&quot;classic&quot;,&quot;animation&quot;:&quot;fadeIn&quot;}\">\n\t\t\t\t<div class=\"elementor-element elementor-element-c9ad4f7 elementor-invisible elementor-widget elementor-widget-image\" data-id=\"c9ad4f7\" data-element_type=\"widget\" data-settings=\"{&quot;_animation&quot;:&quot;fadeIn&quot;,&quot;_animation_delay&quot;:200}\" data-widget_type=\"image.default\">\n\t\t\t\t\t\t\t\t\t\t\t\t\t\t\t<img fetchpriority=\"high\" decoding=\"async\" width=\"2018\" height=\"1440\" src=\"https:\/\/amplitudetelecom.com.br\/wp-content\/uploads\/2025\/12\/edit-07-scaled-e1765802410892.png\" class=\"attachment-full size-full wp-image-741\" alt=\"\" srcset=\"https:\/\/amplitudetelecom.com.br\/wp-content\/uploads\/2025\/12\/edit-07-scaled-e1765802410892.png 2018w, https:\/\/amplitudetelecom.com.br\/wp-content\/uploads\/2025\/12\/edit-07-scaled-e1765802410892-300x214.png 300w, https:\/\/amplitudetelecom.com.br\/wp-content\/uploads\/2025\/12\/edit-07-scaled-e1765802410892-1024x731.png 1024w, https:\/\/amplitudetelecom.com.br\/wp-content\/uploads\/2025\/12\/edit-07-scaled-e1765802410892-768x548.png 768w, https:\/\/amplitudetelecom.com.br\/wp-content\/uploads\/2025\/12\/edit-07-scaled-e1765802410892-1536x1096.png 1536w\" sizes=\"(max-width: 2018px) 100vw, 2018px\" \/>\t\t\t\t\t\t\t\t\t\t\t\t\t\t\t<\/div>\n\t\t\t\t<\/div>\n\t\t\t\t\t<\/div>\n\t\t\t\t<\/div>\n\t\t<div class=\"elementor-element elementor-element-29f10e4 e-flex e-con-boxed e-con e-parent\" data-id=\"29f10e4\" data-element_type=\"container\">\n\t\t\t\t\t<div class=\"e-con-inner\">\n\t\t\t\t<div class=\"elementor-element elementor-element-7531a0a elementor-invisible elementor-widget elementor-widget-heading\" data-id=\"7531a0a\" data-element_type=\"widget\" data-settings=\"{&quot;_animation&quot;:&quot;fadeIn&quot;,&quot;_animation_delay&quot;:200}\" data-widget_type=\"heading.default\">\n\t\t\t\t\t<h2 class=\"elementor-heading-title elementor-size-default\">Diferenciais T\u00e9cnicos<\/h2>\t\t\t\t<\/div>\n\t\t<div class=\"elementor-element elementor-element-bf9737c e-grid e-con-full e-con e-child\" data-id=\"bf9737c\" data-element_type=\"container\">\n\t\t<div class=\"elementor-element elementor-element-5be96b7 e-con-full e-flex elementor-invisible e-con e-child\" data-id=\"5be96b7\" data-element_type=\"container\" data-settings=\"{&quot;background_background&quot;:&quot;gradient&quot;,&quot;animation&quot;:&quot;fadeIn&quot;,&quot;animation_delay&quot;:600}\">\n\t\t\t\t<div class=\"elementor-element elementor-element-6c703f6 elementor-view-default elementor-widget elementor-widget-icon\" data-id=\"6c703f6\" data-element_type=\"widget\" data-widget_type=\"icon.default\">\n\t\t\t\t\t\t\t<div class=\"elementor-icon-wrapper\">\n\t\t\t<div class=\"elementor-icon\">\n\t\t\t<i aria-hidden=\"true\" class=\"icon icon-planet-earth\"><\/i>\t\t\t<\/div>\n\t\t<\/div>\n\t\t\t\t\t\t<\/div>\n\t\t\t\t<div class=\"elementor-element elementor-element-c43a61e elementor-widget elementor-widget-image-box\" data-id=\"c43a61e\" data-element_type=\"widget\" data-widget_type=\"image-box.default\">\n\t\t\t\t\t<div class=\"elementor-image-box-wrapper\"><div class=\"elementor-image-box-content\"><h3 class=\"elementor-image-box-title\">Presente nos maiores IX\/PIX do pa\u00eds<\/h3><\/div><\/div>\t\t\t\t<\/div>\n\t\t\t\t<\/div>\n\t\t<div class=\"elementor-element elementor-element-57a9573 e-flex e-con-boxed elementor-invisible e-con e-child\" data-id=\"57a9573\" data-element_type=\"container\" data-settings=\"{&quot;background_background&quot;:&quot;gradient&quot;,&quot;animation&quot;:&quot;fadeIn&quot;,&quot;animation_delay&quot;:600}\">\n\t\t\t\t\t<div class=\"e-con-inner\">\n\t\t\t\t<div class=\"elementor-element elementor-element-14d611f elementor-view-default elementor-widget elementor-widget-icon\" data-id=\"14d611f\" data-element_type=\"widget\" data-widget_type=\"icon.default\">\n\t\t\t\t\t\t\t<div class=\"elementor-icon-wrapper\">\n\t\t\t<div class=\"elementor-icon\">\n\t\t\t<i aria-hidden=\"true\" class=\"icon icon-google-review\"><\/i>\t\t\t<\/div>\n\t\t<\/div>\n\t\t\t\t\t\t<\/div>\n\t\t\t\t<div class=\"elementor-element elementor-element-d9075b3 elementor-widget elementor-widget-image-box\" data-id=\"d9075b3\" data-element_type=\"widget\" data-widget_type=\"image-box.default\">\n\t\t\t\t\t<div class=\"elementor-image-box-wrapper\"><div class=\"elementor-image-box-content\"><h3 class=\"elementor-image-box-title\">PNI com players globais<\/h3><\/div><\/div>\t\t\t\t<\/div>\n\t\t\t\t\t<\/div>\n\t\t\t\t<\/div>\n\t\t<div class=\"elementor-element elementor-element-a88cfac e-flex e-con-boxed elementor-invisible e-con e-child\" data-id=\"a88cfac\" data-element_type=\"container\" data-settings=\"{&quot;background_background&quot;:&quot;gradient&quot;,&quot;animation&quot;:&quot;fadeIn&quot;,&quot;animation_delay&quot;:600}\">\n\t\t\t\t\t<div class=\"e-con-inner\">\n\t\t\t\t<div class=\"elementor-element elementor-element-2b04e8b elementor-view-default elementor-widget elementor-widget-icon\" data-id=\"2b04e8b\" data-element_type=\"widget\" data-widget_type=\"icon.default\">\n\t\t\t\t\t\t\t<div class=\"elementor-icon-wrapper\">\n\t\t\t<div class=\"elementor-icon\">\n\t\t\t<svg aria-hidden=\"true\" class=\"e-font-icon-svg e-fab-connectdevelop\" viewBox=\"0 0 576 512\" xmlns=\"http:\/\/www.w3.org\/2000\/svg\"><path d=\"M550.5 241l-50.089-86.786c1.071-2.142 1.875-4.553 1.875-7.232 0-8.036-6.696-14.733-14.732-15.001l-55.447-95.893c.536-1.607 1.071-3.214 1.071-4.821 0-8.571-6.964-15.268-15.268-15.268-4.821 0-8.839 2.143-11.786 5.625H299.518C296.839 18.143 292.821 16 288 16s-8.839 2.143-11.518 5.625H170.411C167.464 18.143 163.447 16 158.625 16c-8.303 0-15.268 6.696-15.268 15.268 0 1.607.536 3.482 1.072 4.821l-55.983 97.233c-5.356 2.41-9.107 7.5-9.107 13.661 0 .535.268 1.071.268 1.607l-53.304 92.143c-7.232 1.339-12.59 7.5-12.59 15 0 7.232 5.089 13.393 12.054 15l55.179 95.358c-.536 1.607-.804 2.946-.804 4.821 0 7.232 5.089 13.393 12.054 14.732l51.697 89.732c-.536 1.607-1.071 3.482-1.071 5.357 0 8.571 6.964 15.268 15.268 15.268 4.821 0 8.839-2.143 11.518-5.357h106.875C279.161 493.857 283.447 496 288 496s8.839-2.143 11.518-5.357h107.143c2.678 2.946 6.696 4.821 10.982 4.821 8.571 0 15.268-6.964 15.268-15.268 0-1.607-.267-2.946-.803-4.285l51.697-90.268c6.964-1.339 12.054-7.5 12.054-14.732 0-1.607-.268-3.214-.804-4.821l54.911-95.358c6.964-1.339 12.322-7.5 12.322-15-.002-7.232-5.092-13.393-11.788-14.732zM153.535 450.732l-43.66-75.803h43.66v75.803zm0-83.839h-43.66c-.268-1.071-.804-2.142-1.339-3.214l44.999-47.41v50.624zm0-62.411l-50.357 53.304c-1.339-.536-2.679-1.34-4.018-1.607L43.447 259.75c.535-1.339.535-2.679.535-4.018s0-2.41-.268-3.482l51.965-90c2.679-.268 5.357-1.072 7.768-2.679l50.089 51.965v92.946zm0-102.322l-45.803-47.41c1.339-2.143 2.143-4.821 2.143-7.767 0-.268-.268-.804-.268-1.072l43.928-15.804v72.053zm0-80.625l-43.66 15.804 43.66-75.536v59.732zm326.519 39.108l.804 1.339L445.5 329.125l-63.75-67.232 98.036-101.518.268.268zM291.75 355.107l11.518 11.786H280.5l11.25-11.786zm-.268-11.25l-83.303-85.446 79.553-84.375 83.036 87.589-79.286 82.232zm5.357 5.893l79.286-82.232 67.5 71.25-5.892 28.125H313.714l-16.875-17.143zM410.411 44.393c1.071.536 2.142 1.072 3.482 1.34l57.857 100.714v.536c0 2.946.803 5.624 2.143 7.767L376.393 256l-83.035-87.589L410.411 44.393zm-9.107-2.143L287.732 162.518l-57.054-60.268 166.339-60h4.287zm-123.483 0c2.678 2.678 6.16 4.285 10.179 4.285s7.5-1.607 10.179-4.285h75L224.786 95.821 173.893 42.25h103.928zm-116.249 5.625l1.071-2.142a33.834 33.834 0 0 0 2.679-.804l51.161 53.84-54.911 19.821V47.875zm0 79.286l60.803-21.964 59.732 63.214-79.553 84.107-40.982-42.053v-83.304zm0 92.678L198 257.607l-36.428 38.304v-76.072zm0 87.858l42.053-44.464 82.768 85.982-17.143 17.678H161.572v-59.196zm6.964 162.053c-1.607-1.607-3.482-2.678-5.893-3.482l-1.071-1.607v-89.732h99.91l-91.607 94.821h-1.339zm129.911 0c-2.679-2.41-6.428-4.285-10.447-4.285s-7.767 1.875-10.447 4.285h-96.429l91.607-94.821h38.304l91.607 94.821H298.447zm120-11.786l-4.286 7.5c-1.339.268-2.41.803-3.482 1.339l-89.196-91.875h114.376l-17.412 83.036zm12.856-22.232l12.858-60.803h21.964l-34.822 60.803zm34.822-68.839h-20.357l4.553-21.16 17.143 18.214c-.535.803-1.071 1.874-1.339 2.946zm66.161-107.411l-55.447 96.697c-1.339.535-2.679 1.071-4.018 1.874l-20.625-21.964 34.554-163.928 45.803 79.286c-.267 1.339-.803 2.678-.803 4.285 0 1.339.268 2.411.536 3.75z\"><\/path><\/svg>\t\t\t<\/div>\n\t\t<\/div>\n\t\t\t\t\t\t<\/div>\n\t\t\t\t<div class=\"elementor-element elementor-element-f5f4abb elementor-widget elementor-widget-image-box\" data-id=\"f5f4abb\" data-element_type=\"widget\" data-widget_type=\"image-box.default\">\n\t\t\t\t\t<div class=\"elementor-image-box-wrapper\"><div class=\"elementor-image-box-content\"><h3 class=\"elementor-image-box-title\">Fibra \u00f3ptica de alta capacidade<\/h3><\/div><\/div>\t\t\t\t<\/div>\n\t\t\t\t\t<\/div>\n\t\t\t\t<\/div>\n\t\t<div class=\"elementor-element elementor-element-cc7542e e-flex e-con-boxed elementor-invisible e-con e-child\" data-id=\"cc7542e\" data-element_type=\"container\" data-settings=\"{&quot;background_background&quot;:&quot;gradient&quot;,&quot;animation&quot;:&quot;fadeIn&quot;,&quot;animation_delay&quot;:600}\">\n\t\t\t\t\t<div class=\"e-con-inner\">\n\t\t\t\t<div class=\"elementor-element elementor-element-634eb8b elementor-view-default elementor-widget elementor-widget-icon\" data-id=\"634eb8b\" data-element_type=\"widget\" data-widget_type=\"icon.default\">\n\t\t\t\t\t\t\t<div class=\"elementor-icon-wrapper\">\n\t\t\t<div class=\"elementor-icon\">\n\t\t\t<i aria-hidden=\"true\" class=\"icon icon-Support-2\"><\/i>\t\t\t<\/div>\n\t\t<\/div>\n\t\t\t\t\t\t<\/div>\n\t\t\t\t<div class=\"elementor-element elementor-element-86b07e5 elementor-widget elementor-widget-image-box\" data-id=\"86b07e5\" data-element_type=\"widget\" data-widget_type=\"image-box.default\">\n\t\t\t\t\t<div class=\"elementor-image-box-wrapper\"><div class=\"elementor-image-box-content\"><h3 class=\"elementor-image-box-title\">SLA e suporte 24\/7 especializado para ISPs<\/h3><\/div><\/div>\t\t\t\t<\/div>\n\t\t\t\t\t<\/div>\n\t\t\t\t<\/div>\n\t\t<div class=\"elementor-element elementor-element-3de8d33 e-con-full e-flex elementor-invisible e-con e-child\" data-id=\"3de8d33\" data-element_type=\"container\" data-settings=\"{&quot;background_background&quot;:&quot;gradient&quot;,&quot;animation&quot;:&quot;fadeIn&quot;,&quot;animation_delay&quot;:600}\">\n\t\t\t\t<div class=\"elementor-element elementor-element-62083e4 elementor-view-default elementor-widget elementor-widget-icon\" data-id=\"62083e4\" data-element_type=\"widget\" data-widget_type=\"icon.default\">\n\t\t\t\t\t\t\t<div class=\"elementor-icon-wrapper\">\n\t\t\t<div class=\"elementor-icon\">\n\t\t\t<i aria-hidden=\"true\" class=\"icon icon-planet-earth\"><\/i>\t\t\t<\/div>\n\t\t<\/div>\n\t\t\t\t\t\t<\/div>\n\t\t\t\t<div class=\"elementor-element elementor-element-35217ad elementor-widget elementor-widget-image-box\" data-id=\"35217ad\" data-element_type=\"widget\" data-widget_type=\"image-box.default\">\n\t\t\t\t\t<div class=\"elementor-image-box-wrapper\"><div class=\"elementor-image-box-content\"><h3 class=\"elementor-image-box-title\">Redund\u00e2ncia total com m\u00faltiplos caminhos<\/h3><\/div><\/div>\t\t\t\t<\/div>\n\t\t\t\t<\/div>\n\t\t\t\t<\/div>\n\t\t\t\t\t<\/div>\n\t\t\t\t<\/div>\n\t\t<div class=\"elementor-element elementor-element-ff195f4 e-flex e-con-boxed e-con e-parent\" data-id=\"ff195f4\" data-element_type=\"container\">\n\t\t\t\t\t<div class=\"e-con-inner\">\n\t\t<div class=\"elementor-element elementor-element-aa43457 e-con-full e-flex e-con e-child\" data-id=\"aa43457\" data-element_type=\"container\" data-settings=\"{&quot;background_background&quot;:&quot;classic&quot;}\">\n\t\t\t\t<div class=\"elementor-element elementor-element-e3ef516 elementor-widget-divider--view-line_text elementor-widget-divider--element-align-center elementor-widget elementor-widget-divider\" data-id=\"e3ef516\" data-element_type=\"widget\" data-widget_type=\"divider.default\">\n\t\t\t\t\t\t\t<div class=\"elementor-divider\">\n\t\t\t<span class=\"elementor-divider-separator\">\n\t\t\t\t\t\t\t<span class=\"elementor-divider__text elementor-divider__element\">\n\t\t\t\tBackbone conectado a m\u00faltiplas operadoras nacionais para rotas otimizadas\t\t\t\t<\/span>\n\t\t\t\t\t\t<\/span>\n\t\t<\/div>\n\t\t\t\t\t\t<\/div>\n\t\t<div class=\"elementor-element elementor-element-da1d492 e-grid e-con-full e-con e-child\" data-id=\"da1d492\" data-element_type=\"container\">\n\t\t\t\t<div class=\"elementor-element elementor-element-598114c elementor-widget elementor-widget-image\" data-id=\"598114c\" data-element_type=\"widget\" data-widget_type=\"image.default\">\n\t\t\t\t\t\t\t\t\t\t\t\t\t\t\t<img decoding=\"async\" width=\"586\" height=\"162\" src=\"https:\/\/amplitudetelecom.com.br\/wp-content\/uploads\/2025\/12\/4-2.png\" class=\"attachment-large size-large wp-image-635\" alt=\"\" srcset=\"https:\/\/amplitudetelecom.com.br\/wp-content\/uploads\/2025\/12\/4-2.png 586w, https:\/\/amplitudetelecom.com.br\/wp-content\/uploads\/2025\/12\/4-2-300x83.png 300w\" sizes=\"(max-width: 586px) 100vw, 586px\" \/>\t\t\t\t\t\t\t\t\t\t\t\t\t\t\t<\/div>\n\t\t\t\t<div class=\"elementor-element elementor-element-e7f318c elementor-widget elementor-widget-image\" data-id=\"e7f318c\" data-element_type=\"widget\" data-widget_type=\"image.default\">\n\t\t\t\t\t\t\t\t\t\t\t\t\t\t\t<img decoding=\"async\" width=\"426\" height=\"118\" src=\"https:\/\/amplitudetelecom.com.br\/wp-content\/uploads\/2025\/12\/5-2.png\" class=\"attachment-large size-large wp-image-659\" alt=\"\" srcset=\"https:\/\/amplitudetelecom.com.br\/wp-content\/uploads\/2025\/12\/5-2.png 426w, https:\/\/amplitudetelecom.com.br\/wp-content\/uploads\/2025\/12\/5-2-300x83.png 300w\" sizes=\"(max-width: 426px) 100vw, 426px\" \/>\t\t\t\t\t\t\t\t\t\t\t\t\t\t\t<\/div>\n\t\t\t\t<div class=\"elementor-element elementor-element-b369973 elementor-widget elementor-widget-image\" data-id=\"b369973\" data-element_type=\"widget\" data-widget_type=\"image.default\">\n\t\t\t\t\t\t\t\t\t\t\t\t\t\t\t<img loading=\"lazy\" decoding=\"async\" width=\"129\" height=\"118\" src=\"https:\/\/amplitudetelecom.com.br\/wp-content\/uploads\/2025\/12\/4-3-e1765336077340.png\" class=\"attachment-large size-large wp-image-658\" alt=\"\" \/>\t\t\t\t\t\t\t\t\t\t\t\t\t\t\t<\/div>\n\t\t\t\t<div class=\"elementor-element elementor-element-6c7a50c elementor-widget elementor-widget-image\" data-id=\"6c7a50c\" data-element_type=\"widget\" data-widget_type=\"image.default\">\n\t\t\t\t\t\t\t\t\t\t\t\t\t\t\t<img loading=\"lazy\" decoding=\"async\" width=\"426\" height=\"118\" src=\"https:\/\/amplitudetelecom.com.br\/wp-content\/uploads\/2025\/12\/3-3.png\" class=\"attachment-large size-large wp-image-657\" alt=\"\" srcset=\"https:\/\/amplitudetelecom.com.br\/wp-content\/uploads\/2025\/12\/3-3.png 426w, https:\/\/amplitudetelecom.com.br\/wp-content\/uploads\/2025\/12\/3-3-300x83.png 300w\" sizes=\"(max-width: 426px) 100vw, 426px\" \/>\t\t\t\t\t\t\t\t\t\t\t\t\t\t\t<\/div>\n\t\t\t\t<div class=\"elementor-element elementor-element-c6115be elementor-widget elementor-widget-image\" data-id=\"c6115be\" data-element_type=\"widget\" data-widget_type=\"image.default\">\n\t\t\t\t\t\t\t\t\t\t\t\t\t\t\t<img loading=\"lazy\" decoding=\"async\" width=\"149\" height=\"118\" src=\"https:\/\/amplitudetelecom.com.br\/wp-content\/uploads\/2025\/12\/2-3-e1765336102889.png\" class=\"attachment-large size-large wp-image-656\" alt=\"\" \/>\t\t\t\t\t\t\t\t\t\t\t\t\t\t\t<\/div>\n\t\t\t\t<div class=\"elementor-element elementor-element-f3142a3 elementor-widget elementor-widget-image\" data-id=\"f3142a3\" data-element_type=\"widget\" data-widget_type=\"image.default\">\n\t\t\t\t\t\t\t\t\t\t\t\t\t\t\t<img loading=\"lazy\" decoding=\"async\" width=\"426\" height=\"118\" src=\"https:\/\/amplitudetelecom.com.br\/wp-content\/uploads\/2025\/12\/1-3.png\" class=\"attachment-large size-large wp-image-655\" alt=\"\" srcset=\"https:\/\/amplitudetelecom.com.br\/wp-content\/uploads\/2025\/12\/1-3.png 426w, https:\/\/amplitudetelecom.com.br\/wp-content\/uploads\/2025\/12\/1-3-300x83.png 300w\" sizes=\"(max-width: 426px) 100vw, 426px\" \/>\t\t\t\t\t\t\t\t\t\t\t\t\t\t\t<\/div>\n\t\t\t\t<\/div>\n\t\t\t\t<\/div>\n\t\t\t\t\t<\/div>\n\t\t\t\t<\/div>\n\t\t<div class=\"elementor-element elementor-element-663a47b e-flex e-con-boxed e-con e-parent\" data-id=\"663a47b\" data-element_type=\"container\">\n\t\t\t\t\t<div class=\"e-con-inner\">\n\t\t<div class=\"elementor-element elementor-element-2146ca4 e-con-full e-flex elementor-invisible e-con e-child\" data-id=\"2146ca4\" data-element_type=\"container\" data-settings=\"{&quot;background_background&quot;:&quot;classic&quot;,&quot;animation&quot;:&quot;fadeIn&quot;,&quot;background_motion_fx_motion_fx_scrolling&quot;:&quot;yes&quot;,&quot;background_motion_fx_translateY_effect&quot;:&quot;yes&quot;,&quot;background_motion_fx_translateY_speed&quot;:{&quot;unit&quot;:&quot;px&quot;,&quot;size&quot;:4,&quot;sizes&quot;:[]},&quot;background_motion_fx_translateY_affectedRange&quot;:{&quot;unit&quot;:&quot;%&quot;,&quot;size&quot;:&quot;&quot;,&quot;sizes&quot;:{&quot;start&quot;:0,&quot;end&quot;:100}},&quot;background_motion_fx_devices&quot;:[&quot;desktop&quot;,&quot;tablet&quot;,&quot;mobile&quot;]}\">\n\t\t\t\t<div class=\"elementor-element elementor-element-9d6cbd5 elementor-widget__width-initial elementor-widget-mobile__width-inherit elementor-widget elementor-widget-heading\" data-id=\"9d6cbd5\" data-element_type=\"widget\" data-widget_type=\"heading.default\">\n\t\t\t\t\t<h2 class=\"elementor-heading-title elementor-size-default\">Expanda sua rede com qualidade profissional<\/h2>\t\t\t\t<\/div>\n\t\t\t\t<div class=\"elementor-element elementor-element-019da17 elementor-widget__width-initial elementor-widget-mobile__width-inherit elementor-widget elementor-widget-text-editor\" data-id=\"019da17\" data-element_type=\"widget\" data-widget_type=\"text-editor.default\">\n\t\t\t\t\t\t\t\t\tRealize uma avalia\u00e7\u00e3o r\u00e1pida e receba uma recomenda\u00e7\u00e3o personalizada entre Lan to Lan, Link Dedicado, Fibra Apagada, Link ISP e Colocation \u2014 tudo baseado no perfil e necessidades da sua opera\u00e7\u00e3o.\t\t\t\t\t\t\t\t<\/div>\n\t\t<div class=\"elementor-element elementor-element-987a7c0 e-con-full e-flex e-con e-child\" data-id=\"987a7c0\" data-element_type=\"container\">\n\t\t\t\t<div class=\"elementor-element elementor-element-7a5191c elementor-align-justify elementor-widget elementor-widget-button\" data-id=\"7a5191c\" data-element_type=\"widget\" data-widget_type=\"button.default\">\n\t\t\t\t\t\t\t\t\t\t<a class=\"elementor-button elementor-button-link elementor-size-sm\" href=\"https:\/\/wa.link\/v6dzz7\">\n\t\t\t\t\t\t<span class=\"elementor-button-content-wrapper\">\n\t\t\t\t\t\t\t\t\t<span class=\"elementor-button-text\">Falar com um especialista<\/span>\n\t\t\t\t\t<\/span>\n\t\t\t\t\t<\/a>\n\t\t\t\t\t\t\t\t<\/div>\n\t\t\t\t<\/div>\n\t\t\t\t<\/div>\n\t\t\t\t\t<\/div>\n\t\t\t\t<\/div>\n\t\t\t\t<\/div>\n\t\t","protected":false},"excerpt":{"rendered":"<p>SOLU\u00c7\u00d5ES Conecte seu provedor \u00e0s melhores rotas do mercado. Solicitar Cota\u00e7\u00e3o A solu\u00e7\u00e3o ideal para ISPs que precisam ampliar capacidade com seguran\u00e7a, qualidade e acesso \u00e0s principais CDNs globais. O Link ISP oferece conectividade de alto desempenho para provedores de internet que buscam rotas otimizadas, baixa lat\u00eancia, alta capacidade e acesso aprimorado ao conte\u00fado mais [&hellip;]<\/p>\n","protected":false},"author":1,"featured_media":0,"parent":0,"menu_order":0,"comment_status":"closed","ping_status":"closed","template":"elementor_header_footer","meta":{"footnotes":""},"class_list":["post-513","page","type-page","status-publish","hentry"],"_links":{"self":[{"href":"https:\/\/amplitudetelecom.com.br\/index.php?rest_route=\/wp\/v2\/pages\/513","targetHints":{"allow":["GET"]}}],"collection":[{"href":"https:\/\/amplitudetelecom.com.br\/index.php?rest_route=\/wp\/v2\/pages"}],"about":[{"href":"https:\/\/amplitudetelecom.com.br\/index.php?rest_route=\/wp\/v2\/types\/page"}],"author":[{"embeddable":true,"href":"https:\/\/amplitudetelecom.com.br\/index.php?rest_route=\/wp\/v2\/users\/1"}],"replies":[{"embeddable":true,"href":"https:\/\/amplitudetelecom.com.br\/index.php?rest_route=%2Fwp%2Fv2%2Fcomments&post=513"}],"version-history":[{"count":28,"href":"https:\/\/amplitudetelecom.com.br\/index.php?rest_route=\/wp\/v2\/pages\/513\/revisions"}],"predecessor-version":[{"id":994,"href":"https:\/\/amplitudetelecom.com.br\/index.php?rest_route=\/wp\/v2\/pages\/513\/revisions\/994"}],"wp:attachment":[{"href":"https:\/\/amplitudetelecom.com.br\/index.php?rest_route=%2Fwp%2Fv2%2Fmedia&parent=513"}],"curies":[{"name":"wp","href":"https:\/\/api.w.org\/{rel}","templated":true}]}}