{"id":522,"date":"2025-12-09T21:44:15","date_gmt":"2025-12-09T21:44:15","guid":{"rendered":"https:\/\/amplitudetelecom.com.br\/?page_id=522"},"modified":"2026-01-21T10:38:43","modified_gmt":"2026-01-21T10:38:43","slug":"colocation","status":"publish","type":"page","link":"https:\/\/amplitudetelecom.com.br\/?page_id=522","title":{"rendered":"Colocation"},"content":{"rendered":"\t\t<div data-elementor-type=\"wp-page\" data-elementor-id=\"522\" class=\"elementor elementor-522\" data-elementor-post-type=\"page\">\n\t\t\t\t<div class=\"elementor-element elementor-element-96dce87 e-con-full e-flex e-con e-parent\" data-id=\"96dce87\" data-element_type=\"container\" data-settings=\"{&quot;background_background&quot;:&quot;classic&quot;}\">\n\t\t<div class=\"elementor-element elementor-element-15f731b e-flex e-con-boxed e-con e-child\" data-id=\"15f731b\" data-element_type=\"container\">\n\t\t\t\t\t<div class=\"e-con-inner\">\n\t\t\t\t<div class=\"elementor-element elementor-element-88e8ea5 elementor-widget elementor-widget-text-editor\" data-id=\"88e8ea5\" data-element_type=\"widget\" data-widget_type=\"text-editor.default\">\n\t\t\t\t\t\t\t\t\t<p>SOLU\u00c7\u00d5ES<\/p>\t\t\t\t\t\t\t\t<\/div>\n\t\t\t\t<div class=\"elementor-element elementor-element-44daa1c elementor-widget__width-inherit elementor-invisible elementor-widget elementor-widget-text-editor\" data-id=\"44daa1c\" data-element_type=\"widget\" data-settings=\"{&quot;_animation&quot;:&quot;fadeIn&quot;,&quot;_animation_delay&quot;:400}\" data-widget_type=\"text-editor.default\">\n\t\t\t\t\t\t\t\t\t<p data-start=\"211\" data-end=\"424\">Sua infraestrutura em um data center projetado para n\u00e3o parar.<\/p>\t\t\t\t\t\t\t\t<\/div>\n\t\t\t\t<div class=\"elementor-element elementor-element-7f44d14 elementor-widget elementor-widget-button\" data-id=\"7f44d14\" data-element_type=\"widget\" data-widget_type=\"button.default\">\n\t\t\t\t\t\t\t\t\t\t<a class=\"elementor-button elementor-button-link elementor-size-sm\" href=\"https:\/\/wa.link\/v6dzz7\">\n\t\t\t\t\t\t<span class=\"elementor-button-content-wrapper\">\n\t\t\t\t\t\t\t\t\t<span class=\"elementor-button-text\">Solicitar Cota\u00e7\u00e3o<\/span>\n\t\t\t\t\t<\/span>\n\t\t\t\t\t<\/a>\n\t\t\t\t\t\t\t\t<\/div>\n\t\t\t\t\t<\/div>\n\t\t\t\t<\/div>\n\t\t\t\t<\/div>\n\t\t<div class=\"elementor-element elementor-element-2c15c9c e-flex e-con-boxed e-con e-parent\" data-id=\"2c15c9c\" data-element_type=\"container\">\n\t\t\t\t\t<div class=\"e-con-inner\">\n\t\t<div class=\"elementor-element elementor-element-8e37963 e-con-full e-flex e-con e-child\" data-id=\"8e37963\" data-element_type=\"container\">\n\t\t\t\t<div class=\"elementor-element elementor-element-a40f0fc elementor-widget__width-inherit elementor-widget-mobile__width-inherit elementor-widget elementor-widget-heading\" data-id=\"a40f0fc\" data-element_type=\"widget\" data-widget_type=\"heading.default\">\n\t\t\t\t\t<h2 class=\"elementor-heading-title elementor-size-default\">Nossos Edge Datacenters garantem Energia redundante, seguran\u00e7a f\u00edsica e l\u00f3gica, conectividade de alta capacidade e monitoramento cont\u00ednuo para seus servidores.<\/h2>\t\t\t\t<\/div>\n\t\t\t\t<div class=\"elementor-element elementor-element-1997ea6 elementor-invisible elementor-widget elementor-widget-text-editor\" data-id=\"1997ea6\" data-element_type=\"widget\" data-settings=\"{&quot;_animation&quot;:&quot;fadeIn&quot;,&quot;_animation_delay&quot;:400}\" data-widget_type=\"text-editor.default\">\n\t\t\t\t\t\t\t\t\t<p data-start=\"211\" data-end=\"476\">O Colocation permite que sua empresa hospede seus servidores e equipamentos em um ambiente altamente seguro, redundante e conectado aos principais players do mercado.<\/p>\t\t\t\t\t\t\t\t<\/div>\n\t\t\t\t<div class=\"elementor-element elementor-element-044fcf7 elementor-mobile-align-center elementor-icon-list--layout-traditional elementor-list-item-link-full_width elementor-invisible elementor-widget elementor-widget-icon-list\" data-id=\"044fcf7\" data-element_type=\"widget\" data-settings=\"{&quot;_animation&quot;:&quot;fadeIn&quot;,&quot;_animation_delay&quot;:400}\" data-widget_type=\"icon-list.default\">\n\t\t\t\t\t\t\t<ul class=\"elementor-icon-list-items\">\n\t\t\t\t\t\t\t<li class=\"elementor-icon-list-item\">\n\t\t\t\t\t\t\t\t\t\t\t<span class=\"elementor-icon-list-icon\">\n\t\t\t\t\t\t\t<i aria-hidden=\"true\" class=\"icon icon-checked\"><\/i>\t\t\t\t\t\t<\/span>\n\t\t\t\t\t\t\t\t\t\t<span class=\"elementor-icon-list-text\">Energia redundante 24\/7<\/span>\n\t\t\t\t\t\t\t\t\t<\/li>\n\t\t\t\t\t\t\t\t<li class=\"elementor-icon-list-item\">\n\t\t\t\t\t\t\t\t\t\t\t<span class=\"elementor-icon-list-icon\">\n\t\t\t\t\t\t\t<i aria-hidden=\"true\" class=\"icon icon-checked\"><\/i>\t\t\t\t\t\t<\/span>\n\t\t\t\t\t\t\t\t\t\t<span class=\"elementor-icon-list-text\">Seguran\u00e7a f\u00edsica e l\u00f3gica refor\u00e7ada<\/span>\n\t\t\t\t\t\t\t\t\t<\/li>\n\t\t\t\t\t\t\t\t<li class=\"elementor-icon-list-item\">\n\t\t\t\t\t\t\t\t\t\t\t<span class=\"elementor-icon-list-icon\">\n\t\t\t\t\t\t\t<i aria-hidden=\"true\" class=\"icon icon-checked\"><\/i>\t\t\t\t\t\t<\/span>\n\t\t\t\t\t\t\t\t\t\t<span class=\"elementor-icon-list-text\">Conectividade premium<\/span>\n\t\t\t\t\t\t\t\t\t<\/li>\n\t\t\t\t\t\t\t\t<li class=\"elementor-icon-list-item\">\n\t\t\t\t\t\t\t\t\t\t\t<span class=\"elementor-icon-list-icon\">\n\t\t\t\t\t\t\t<i aria-hidden=\"true\" class=\"icon icon-checked\"><\/i>\t\t\t\t\t\t<\/span>\n\t\t\t\t\t\t\t\t\t\t<span class=\"elementor-icon-list-text\">Ambiente climatizado e est\u00e1vel<\/span>\n\t\t\t\t\t\t\t\t\t<\/li>\n\t\t\t\t\t\t\t\t<li class=\"elementor-icon-list-item\">\n\t\t\t\t\t\t\t\t\t\t\t<span class=\"elementor-icon-list-icon\">\n\t\t\t\t\t\t\t<i aria-hidden=\"true\" class=\"icon icon-checked\"><\/i>\t\t\t\t\t\t<\/span>\n\t\t\t\t\t\t\t\t\t\t<span class=\"elementor-icon-list-text\">Redu\u00e7\u00e3o de custos de infraestrutura<\/span>\n\t\t\t\t\t\t\t\t\t<\/li>\n\t\t\t\t\t\t<\/ul>\n\t\t\t\t\t\t<\/div>\n\t\t\t\t<div class=\"elementor-element elementor-element-71cbfed elementor-widget-divider--view-line elementor-invisible elementor-widget elementor-widget-divider\" data-id=\"71cbfed\" data-element_type=\"widget\" data-settings=\"{&quot;_animation&quot;:&quot;fadeIn&quot;,&quot;_animation_delay&quot;:400}\" data-widget_type=\"divider.default\">\n\t\t\t\t\t\t\t<div class=\"elementor-divider\">\n\t\t\t<span class=\"elementor-divider-separator\">\n\t\t\t\t\t\t<\/span>\n\t\t<\/div>\n\t\t\t\t\t\t<\/div>\n\t\t\t\t<\/div>\n\t\t<div class=\"elementor-element elementor-element-58e450c e-con-full e-flex elementor-invisible e-con e-child\" data-id=\"58e450c\" data-element_type=\"container\" data-settings=\"{&quot;background_background&quot;:&quot;classic&quot;,&quot;animation&quot;:&quot;fadeIn&quot;}\">\n\t\t\t\t<div class=\"elementor-element elementor-element-c9ad4f7 elementor-invisible elementor-widget elementor-widget-image\" data-id=\"c9ad4f7\" data-element_type=\"widget\" data-settings=\"{&quot;_animation&quot;:&quot;fadeIn&quot;,&quot;_animation_delay&quot;:200}\" data-widget_type=\"image.default\">\n\t\t\t\t\t\t\t\t\t\t\t\t\t\t\t<img fetchpriority=\"high\" decoding=\"async\" width=\"683\" height=\"1024\" src=\"https:\/\/amplitudetelecom.com.br\/wp-content\/uploads\/2025\/12\/ChatGPT-Image-24-de-dez.-de-2025-11_34_49-683x1024.png\" class=\"attachment-large size-large wp-image-850\" alt=\"\" srcset=\"https:\/\/amplitudetelecom.com.br\/wp-content\/uploads\/2025\/12\/ChatGPT-Image-24-de-dez.-de-2025-11_34_49-683x1024.png 683w, https:\/\/amplitudetelecom.com.br\/wp-content\/uploads\/2025\/12\/ChatGPT-Image-24-de-dez.-de-2025-11_34_49-200x300.png 200w, https:\/\/amplitudetelecom.com.br\/wp-content\/uploads\/2025\/12\/ChatGPT-Image-24-de-dez.-de-2025-11_34_49-768x1152.png 768w, https:\/\/amplitudetelecom.com.br\/wp-content\/uploads\/2025\/12\/ChatGPT-Image-24-de-dez.-de-2025-11_34_49.png 1024w\" sizes=\"(max-width: 683px) 100vw, 683px\" \/>\t\t\t\t\t\t\t\t\t\t\t\t\t\t\t<\/div>\n\t\t\t\t<\/div>\n\t\t\t\t\t<\/div>\n\t\t\t\t<\/div>\n\t\t<div class=\"elementor-element elementor-element-29f10e4 e-flex e-con-boxed e-con e-parent\" data-id=\"29f10e4\" data-element_type=\"container\">\n\t\t\t\t\t<div class=\"e-con-inner\">\n\t\t\t\t<div class=\"elementor-element elementor-element-7531a0a elementor-invisible elementor-widget elementor-widget-heading\" data-id=\"7531a0a\" data-element_type=\"widget\" data-settings=\"{&quot;_animation&quot;:&quot;fadeIn&quot;,&quot;_animation_delay&quot;:200}\" data-widget_type=\"heading.default\">\n\t\t\t\t\t<h2 class=\"elementor-heading-title elementor-size-default\">Diferenciais T\u00e9cnicos<\/h2>\t\t\t\t<\/div>\n\t\t<div class=\"elementor-element elementor-element-bf9737c e-grid e-con-full e-con e-child\" data-id=\"bf9737c\" data-element_type=\"container\">\n\t\t<div class=\"elementor-element elementor-element-5be96b7 e-con-full e-flex elementor-invisible e-con e-child\" data-id=\"5be96b7\" data-element_type=\"container\" data-settings=\"{&quot;background_background&quot;:&quot;gradient&quot;,&quot;animation&quot;:&quot;fadeIn&quot;,&quot;animation_delay&quot;:600}\">\n\t\t\t\t<div class=\"elementor-element elementor-element-6c703f6 elementor-view-default elementor-widget elementor-widget-icon\" data-id=\"6c703f6\" data-element_type=\"widget\" data-widget_type=\"icon.default\">\n\t\t\t\t\t\t\t<div class=\"elementor-icon-wrapper\">\n\t\t\t<div class=\"elementor-icon\">\n\t\t\t<i aria-hidden=\"true\" class=\"icon icon-server-2\"><\/i>\t\t\t<\/div>\n\t\t<\/div>\n\t\t\t\t\t\t<\/div>\n\t\t\t\t<div class=\"elementor-element elementor-element-c43a61e elementor-widget elementor-widget-image-box\" data-id=\"c43a61e\" data-element_type=\"widget\" data-widget_type=\"image-box.default\">\n\t\t\t\t\t<div class=\"elementor-image-box-wrapper\"><div class=\"elementor-image-box-content\"><h3 class=\"elementor-image-box-title\">Racks dedicados, meias-baias ou cages<\/h3><\/div><\/div>\t\t\t\t<\/div>\n\t\t\t\t<\/div>\n\t\t<div class=\"elementor-element elementor-element-57a9573 e-flex e-con-boxed elementor-invisible e-con e-child\" data-id=\"57a9573\" data-element_type=\"container\" data-settings=\"{&quot;background_background&quot;:&quot;gradient&quot;,&quot;animation&quot;:&quot;fadeIn&quot;,&quot;animation_delay&quot;:600}\">\n\t\t\t\t\t<div class=\"e-con-inner\">\n\t\t\t\t<div class=\"elementor-element elementor-element-14d611f elementor-view-default elementor-widget elementor-widget-icon\" data-id=\"14d611f\" data-element_type=\"widget\" data-widget_type=\"icon.default\">\n\t\t\t\t\t\t\t<div class=\"elementor-icon-wrapper\">\n\t\t\t<div class=\"elementor-icon\">\n\t\t\t<svg aria-hidden=\"true\" class=\"e-font-icon-svg e-fas-fingerprint\" viewBox=\"0 0 512 512\" xmlns=\"http:\/\/www.w3.org\/2000\/svg\"><path d=\"M256.12 245.96c-13.25 0-24 10.74-24 24 1.14 72.25-8.14 141.9-27.7 211.55-2.73 9.72 2.15 30.49 23.12 30.49 10.48 0 20.11-6.92 23.09-17.52 13.53-47.91 31.04-125.41 29.48-224.52.01-13.25-10.73-24-23.99-24zm-.86-81.73C194 164.16 151.25 211.3 152.1 265.32c.75 47.94-3.75 95.91-13.37 142.55-2.69 12.98 5.67 25.69 18.64 28.36 13.05 2.67 25.67-5.66 28.36-18.64 10.34-50.09 15.17-101.58 14.37-153.02-.41-25.95 19.92-52.49 54.45-52.34 31.31.47 57.15 25.34 57.62 55.47.77 48.05-2.81 96.33-10.61 143.55-2.17 13.06 6.69 25.42 19.76 27.58 19.97 3.33 26.81-15.1 27.58-19.77 8.28-50.03 12.06-101.21 11.27-152.11-.88-55.8-47.94-101.88-104.91-102.72zm-110.69-19.78c-10.3-8.34-25.37-6.8-33.76 3.48-25.62 31.5-39.39 71.28-38.75 112 .59 37.58-2.47 75.27-9.11 112.05-2.34 13.05 6.31 25.53 19.36 27.89 20.11 3.5 27.07-14.81 27.89-19.36 7.19-39.84 10.5-80.66 9.86-121.33-.47-29.88 9.2-57.88 28-80.97 8.35-10.28 6.79-25.39-3.49-33.76zm109.47-62.33c-15.41-.41-30.87 1.44-45.78 4.97-12.89 3.06-20.87 15.98-17.83 28.89 3.06 12.89 16 20.83 28.89 17.83 11.05-2.61 22.47-3.77 34-3.69 75.43 1.13 137.73 61.5 138.88 134.58.59 37.88-1.28 76.11-5.58 113.63-1.5 13.17 7.95 25.08 21.11 26.58 16.72 1.95 25.51-11.88 26.58-21.11a929.06 929.06 0 0 0 5.89-119.85c-1.56-98.75-85.07-180.33-186.16-181.83zm252.07 121.45c-2.86-12.92-15.51-21.2-28.61-18.27-12.94 2.86-21.12 15.66-18.26 28.61 4.71 21.41 4.91 37.41 4.7 61.6-.11 13.27 10.55 24.09 23.8 24.2h.2c13.17 0 23.89-10.61 24-23.8.18-22.18.4-44.11-5.83-72.34zm-40.12-90.72C417.29 43.46 337.6 1.29 252.81.02 183.02-.82 118.47 24.91 70.46 72.94 24.09 119.37-.9 181.04.14 246.65l-.12 21.47c-.39 13.25 10.03 24.31 23.28 24.69.23.02.48.02.72.02 12.92 0 23.59-10.3 23.97-23.3l.16-23.64c-.83-52.5 19.16-101.86 56.28-139 38.76-38.8 91.34-59.67 147.68-58.86 69.45 1.03 134.73 35.56 174.62 92.39 7.61 10.86 22.56 13.45 33.42 5.86 10.84-7.62 13.46-22.59 5.84-33.43z\"><\/path><\/svg>\t\t\t<\/div>\n\t\t<\/div>\n\t\t\t\t\t\t<\/div>\n\t\t\t\t<div class=\"elementor-element elementor-element-d9075b3 elementor-widget elementor-widget-image-box\" data-id=\"d9075b3\" data-element_type=\"widget\" data-widget_type=\"image-box.default\">\n\t\t\t\t\t<div class=\"elementor-image-box-wrapper\"><div class=\"elementor-image-box-content\"><h3 class=\"elementor-image-box-title\">Sistema de alarme, CFTV, controle de acesso biom\u00e9trico e Guest.<\/h3><\/div><\/div>\t\t\t\t<\/div>\n\t\t\t\t\t<\/div>\n\t\t\t\t<\/div>\n\t\t<div class=\"elementor-element elementor-element-a88cfac e-flex e-con-boxed elementor-invisible e-con e-child\" data-id=\"a88cfac\" data-element_type=\"container\" data-settings=\"{&quot;background_background&quot;:&quot;gradient&quot;,&quot;animation&quot;:&quot;fadeIn&quot;,&quot;animation_delay&quot;:600}\">\n\t\t\t\t\t<div class=\"e-con-inner\">\n\t\t\t\t<div class=\"elementor-element elementor-element-2b04e8b elementor-view-default elementor-widget elementor-widget-icon\" data-id=\"2b04e8b\" data-element_type=\"widget\" data-widget_type=\"icon.default\">\n\t\t\t\t\t\t\t<div class=\"elementor-icon-wrapper\">\n\t\t\t<div class=\"elementor-icon\">\n\t\t\t<i aria-hidden=\"true\" class=\"icon icon-energy-saving\"><\/i>\t\t\t<\/div>\n\t\t<\/div>\n\t\t\t\t\t\t<\/div>\n\t\t\t\t<div class=\"elementor-element elementor-element-f5f4abb elementor-widget elementor-widget-image-box\" data-id=\"f5f4abb\" data-element_type=\"widget\" data-widget_type=\"image-box.default\">\n\t\t\t\t\t<div class=\"elementor-image-box-wrapper\"><div class=\"elementor-image-box-content\"><h3 class=\"elementor-image-box-title\">Energia Redundante e sistemas emergenciais <\/h3><\/div><\/div>\t\t\t\t<\/div>\n\t\t\t\t\t<\/div>\n\t\t\t\t<\/div>\n\t\t<div class=\"elementor-element elementor-element-cc7542e e-flex e-con-boxed elementor-invisible e-con e-child\" data-id=\"cc7542e\" data-element_type=\"container\" data-settings=\"{&quot;background_background&quot;:&quot;gradient&quot;,&quot;animation&quot;:&quot;fadeIn&quot;,&quot;animation_delay&quot;:600}\">\n\t\t\t\t\t<div class=\"e-con-inner\">\n\t\t\t\t<div class=\"elementor-element elementor-element-634eb8b elementor-view-default elementor-widget elementor-widget-icon\" data-id=\"634eb8b\" data-element_type=\"widget\" data-widget_type=\"icon.default\">\n\t\t\t\t\t\t\t<div class=\"elementor-icon-wrapper\">\n\t\t\t<div class=\"elementor-icon\">\n\t\t\t<svg aria-hidden=\"true\" class=\"e-font-icon-svg e-fas-snowflake\" viewBox=\"0 0 448 512\" xmlns=\"http:\/\/www.w3.org\/2000\/svg\"><path d=\"M440.3 345.2l-33.8-19.5 26-7c8.2-2.2 13.1-10.7 10.9-18.9l-4-14.9c-2.2-8.2-10.7-13.1-18.9-10.9l-70.8 19-63.9-37 63.8-36.9 70.8 19c8.2 2.2 16.7-2.7 18.9-10.9l4-14.9c2.2-8.2-2.7-16.7-10.9-18.9l-26-7 33.8-19.5c7.4-4.3 9.9-13.7 5.7-21.1L430.4 119c-4.3-7.4-13.7-9.9-21.1-5.7l-33.8 19.5 7-26c2.2-8.2-2.7-16.7-10.9-18.9l-14.9-4c-8.2-2.2-16.7 2.7-18.9 10.9l-19 70.8-62.8 36.2v-77.5l53.7-53.7c6.2-6.2 6.2-16.4 0-22.6l-11.3-11.3c-6.2-6.2-16.4-6.2-22.6 0L256 56.4V16c0-8.8-7.2-16-16-16h-32c-8.8 0-16 7.2-16 16v40.4l-19.7-19.7c-6.2-6.2-16.4-6.2-22.6 0L138.3 48c-6.3 6.2-6.3 16.4 0 22.6l53.7 53.7v77.5l-62.8-36.2-19-70.8c-2.2-8.2-10.7-13.1-18.9-10.9l-14.9 4c-8.2 2.2-13.1 10.7-10.9 18.9l7 26-33.8-19.5c-7.4-4.3-16.8-1.7-21.1 5.7L2.1 145.7c-4.3 7.4-1.7 16.8 5.7 21.1l33.8 19.5-26 7c-8.3 2.2-13.2 10.7-11 19l4 14.9c2.2 8.2 10.7 13.1 18.9 10.9l70.8-19 63.8 36.9-63.8 36.9-70.8-19c-8.2-2.2-16.7 2.7-18.9 10.9l-4 14.9c-2.2 8.2 2.7 16.7 10.9 18.9l26 7-33.8 19.6c-7.4 4.3-9.9 13.7-5.7 21.1l15.5 26.8c4.3 7.4 13.7 9.9 21.1 5.7l33.8-19.5-7 26c-2.2 8.2 2.7 16.7 10.9 18.9l14.9 4c8.2 2.2 16.7-2.7 18.9-10.9l19-70.8 62.8-36.2v77.5l-53.7 53.7c-6.3 6.2-6.3 16.4 0 22.6l11.3 11.3c6.2 6.2 16.4 6.2 22.6 0l19.7-19.7V496c0 8.8 7.2 16 16 16h32c8.8 0 16-7.2 16-16v-40.4l19.7 19.7c6.2 6.2 16.4 6.2 22.6 0l11.3-11.3c6.2-6.2 6.2-16.4 0-22.6L256 387.7v-77.5l62.8 36.2 19 70.8c2.2 8.2 10.7 13.1 18.9 10.9l14.9-4c8.2-2.2 13.1-10.7 10.9-18.9l-7-26 33.8 19.5c7.4 4.3 16.8 1.7 21.1-5.7l15.5-26.8c4.3-7.3 1.8-16.8-5.6-21z\"><\/path><\/svg>\t\t\t<\/div>\n\t\t<\/div>\n\t\t\t\t\t\t<\/div>\n\t\t\t\t<div class=\"elementor-element elementor-element-86b07e5 elementor-widget elementor-widget-image-box\" data-id=\"86b07e5\" data-element_type=\"widget\" data-widget_type=\"image-box.default\">\n\t\t\t\t\t<div class=\"elementor-image-box-wrapper\"><div class=\"elementor-image-box-content\"><h3 class=\"elementor-image-box-title\">Climatiza\u00e7\u00e3o de Precis\u00e3o Profissional<\/h3><\/div><\/div>\t\t\t\t<\/div>\n\t\t\t\t\t<\/div>\n\t\t\t\t<\/div>\n\t\t<div class=\"elementor-element elementor-element-3de8d33 e-con-full e-flex elementor-invisible e-con e-child\" data-id=\"3de8d33\" data-element_type=\"container\" data-settings=\"{&quot;background_background&quot;:&quot;gradient&quot;,&quot;animation&quot;:&quot;fadeIn&quot;,&quot;animation_delay&quot;:600}\">\n\t\t\t\t<div class=\"elementor-element elementor-element-62083e4 elementor-view-default elementor-widget elementor-widget-icon\" data-id=\"62083e4\" data-element_type=\"widget\" data-widget_type=\"icon.default\">\n\t\t\t\t\t\t\t<div class=\"elementor-icon-wrapper\">\n\t\t\t<div class=\"elementor-icon\">\n\t\t\t<i aria-hidden=\"true\" class=\"icon icon-shield11\"><\/i>\t\t\t<\/div>\n\t\t<\/div>\n\t\t\t\t\t\t<\/div>\n\t\t\t\t<div class=\"elementor-element elementor-element-35217ad elementor-widget elementor-widget-image-box\" data-id=\"35217ad\" data-element_type=\"widget\" data-widget_type=\"image-box.default\">\n\t\t\t\t\t<div class=\"elementor-image-box-wrapper\"><div class=\"elementor-image-box-content\"><h3 class=\"elementor-image-box-title\">Sistema de renova\u00e7\u00e3o de ar e captura de particulas.<\/h3><\/div><\/div>\t\t\t\t<\/div>\n\t\t\t\t<\/div>\n\t\t\t\t<\/div>\n\t\t\t\t\t<\/div>\n\t\t\t\t<\/div>\n\t\t<div class=\"elementor-element elementor-element-663a47b e-flex e-con-boxed e-con e-parent\" data-id=\"663a47b\" data-element_type=\"container\">\n\t\t\t\t\t<div class=\"e-con-inner\">\n\t\t<div class=\"elementor-element elementor-element-2146ca4 e-con-full e-flex elementor-invisible e-con e-child\" data-id=\"2146ca4\" data-element_type=\"container\" data-settings=\"{&quot;background_background&quot;:&quot;classic&quot;,&quot;animation&quot;:&quot;fadeIn&quot;,&quot;background_motion_fx_motion_fx_scrolling&quot;:&quot;yes&quot;,&quot;background_motion_fx_translateY_effect&quot;:&quot;yes&quot;,&quot;background_motion_fx_translateY_speed&quot;:{&quot;unit&quot;:&quot;px&quot;,&quot;size&quot;:4,&quot;sizes&quot;:[]},&quot;background_motion_fx_translateY_affectedRange&quot;:{&quot;unit&quot;:&quot;%&quot;,&quot;size&quot;:&quot;&quot;,&quot;sizes&quot;:{&quot;start&quot;:0,&quot;end&quot;:100}},&quot;background_motion_fx_devices&quot;:[&quot;desktop&quot;,&quot;tablet&quot;,&quot;mobile&quot;]}\">\n\t\t\t\t<div class=\"elementor-element elementor-element-9d6cbd5 elementor-widget__width-initial elementor-widget-mobile__width-inherit elementor-widget elementor-widget-heading\" data-id=\"9d6cbd5\" data-element_type=\"widget\" data-widget_type=\"heading.default\">\n\t\t\t\t\t<h2 class=\"elementor-heading-title elementor-size-default\">Hospede seus servidores no ambiente ideal<\/h2>\t\t\t\t<\/div>\n\t\t\t\t<div class=\"elementor-element elementor-element-019da17 elementor-widget__width-initial elementor-widget-mobile__width-inherit elementor-widget elementor-widget-text-editor\" data-id=\"019da17\" data-element_type=\"widget\" data-widget_type=\"text-editor.default\">\n\t\t\t\t\t\t\t\t\tRealize uma avalia\u00e7\u00e3o r\u00e1pida e receba uma recomenda\u00e7\u00e3o personalizada entre Lan to Lan, Link Dedicado, Fibra Apagada, Link ISP e Colocation \u2014 tudo baseado no perfil e necessidades da sua opera\u00e7\u00e3o.\t\t\t\t\t\t\t\t<\/div>\n\t\t<div class=\"elementor-element elementor-element-987a7c0 e-con-full e-flex e-con e-child\" data-id=\"987a7c0\" data-element_type=\"container\">\n\t\t\t\t<div class=\"elementor-element elementor-element-7a5191c elementor-align-justify elementor-widget elementor-widget-button\" data-id=\"7a5191c\" data-element_type=\"widget\" data-widget_type=\"button.default\">\n\t\t\t\t\t\t\t\t\t\t<a class=\"elementor-button elementor-button-link elementor-size-sm\" href=\"https:\/\/wa.link\/v6dzz7\">\n\t\t\t\t\t\t<span class=\"elementor-button-content-wrapper\">\n\t\t\t\t\t\t\t\t\t<span class=\"elementor-button-text\">Falar com um especialista<\/span>\n\t\t\t\t\t<\/span>\n\t\t\t\t\t<\/a>\n\t\t\t\t\t\t\t\t<\/div>\n\t\t\t\t<\/div>\n\t\t\t\t<\/div>\n\t\t\t\t\t<\/div>\n\t\t\t\t<\/div>\n\t\t\t\t<\/div>\n\t\t","protected":false},"excerpt":{"rendered":"<p>SOLU\u00c7\u00d5ES Sua infraestrutura em um data center projetado para n\u00e3o parar. Solicitar Cota\u00e7\u00e3o Nossos Edge Datacenters garantem Energia redundante, seguran\u00e7a f\u00edsica e l\u00f3gica, conectividade de alta capacidade e monitoramento cont\u00ednuo para seus servidores. O Colocation permite que sua empresa hospede seus servidores e equipamentos em um ambiente altamente seguro, redundante e conectado aos principais players [&hellip;]<\/p>\n","protected":false},"author":1,"featured_media":0,"parent":0,"menu_order":0,"comment_status":"closed","ping_status":"closed","template":"elementor_header_footer","meta":{"footnotes":""},"class_list":["post-522","page","type-page","status-publish","hentry"],"_links":{"self":[{"href":"https:\/\/amplitudetelecom.com.br\/index.php?rest_route=\/wp\/v2\/pages\/522","targetHints":{"allow":["GET"]}}],"collection":[{"href":"https:\/\/amplitudetelecom.com.br\/index.php?rest_route=\/wp\/v2\/pages"}],"about":[{"href":"https:\/\/amplitudetelecom.com.br\/index.php?rest_route=\/wp\/v2\/types\/page"}],"author":[{"embeddable":true,"href":"https:\/\/amplitudetelecom.com.br\/index.php?rest_route=\/wp\/v2\/users\/1"}],"replies":[{"embeddable":true,"href":"https:\/\/amplitudetelecom.com.br\/index.php?rest_route=%2Fwp%2Fv2%2Fcomments&post=522"}],"version-history":[{"count":43,"href":"https:\/\/amplitudetelecom.com.br\/index.php?rest_route=\/wp\/v2\/pages\/522\/revisions"}],"predecessor-version":[{"id":997,"href":"https:\/\/amplitudetelecom.com.br\/index.php?rest_route=\/wp\/v2\/pages\/522\/revisions\/997"}],"wp:attachment":[{"href":"https:\/\/amplitudetelecom.com.br\/index.php?rest_route=%2Fwp%2Fv2%2Fmedia&parent=522"}],"curies":[{"name":"wp","href":"https:\/\/api.w.org\/{rel}","templated":true}]}}